{"id":834,"date":"2025-02-04T18:57:02","date_gmt":"2025-02-04T18:57:02","guid":{"rendered":""},"modified":"2025-02-05T05:57:02","modified_gmt":"2025-02-04T18:57:02","slug":"hp-sac-a-dos-pour-portable-15-6","status":"publish","type":"product","link":"https:\/\/extranet.optimium.nc\/?product=hp-sac-a-dos-pour-portable-15-6","title":{"rendered":"HP SAC A DOS POUR PORTABLE 15.6&prime; (1E7D6AA)"},"content":{"rendered":"","protected":false},"excerpt":{"rendered":"<p>HP Sacoche de transport HP Prelude pour 39,6 cm (15,6&Prime;) Ordinateur Portable &#8211; Gris, Noir &#8211; R\u00e9sistant aux coups, R\u00e9sistant aux \u00c9raflures, R\u00e9sistant \u00e0 l abrasion &#8211; Nylon Mat\u00e9riau ext\u00e9rieur &#8211; Poign\u00e9e, Sangle \u00e0 bagage, Bandouli\u00e8re &#8211; 285 mm Hauteur x 400,1 mm Largeur x 59,9 mm Profondeur &#8211; 14,50 L Capacit\u00e9 de volume<\/p>\n","protected":false},"featured_media":0,"template":"","meta":[],"product_cat":[21],"product_tag":[],"_links":{"self":[{"href":"https:\/\/extranet.optimium.nc\/index.php?rest_route=\/wp\/v2\/product\/834"}],"collection":[{"href":"https:\/\/extranet.optimium.nc\/index.php?rest_route=\/wp\/v2\/product"}],"about":[{"href":"https:\/\/extranet.optimium.nc\/index.php?rest_route=\/wp\/v2\/types\/product"}],"wp:attachment":[{"href":"https:\/\/extranet.optimium.nc\/index.php?rest_route=%2Fwp%2Fv2%2Fmedia&parent=834"}],"wp:term":[{"taxonomy":"product_cat","embeddable":true,"href":"https:\/\/extranet.optimium.nc\/index.php?rest_route=%2Fwp%2Fv2%2Fproduct_cat&post=834"},{"taxonomy":"product_tag","embeddable":true,"href":"https:\/\/extranet.optimium.nc\/index.php?rest_route=%2Fwp%2Fv2%2Fproduct_tag&post=834"}],"curies":[{"name":"wp","href":"https:\/\/api.w.org\/{rel}","templated":true}]}}