{"id":813,"date":"2025-02-04T18:55:51","date_gmt":"2025-02-04T18:55:51","guid":{"rendered":""},"modified":"2025-02-05T05:55:51","modified_gmt":"2025-02-04T18:55:51","slug":"hp-prodesk-mini-400-g9-i5-13500t-8gb-256","status":"publish","type":"product","link":"https:\/\/extranet.optimium.nc\/?product=hp-prodesk-mini-400-g9-i5-13500t-8gb-256","title":{"rendered":"HP PRODESK MINI 400 G9 i5-13500T 8GB\/256 (9E7Y9PT)"},"content":{"rendered":"","protected":false},"excerpt":{"rendered":"<p>HP ProDesk 400 G9, Processeur Core i5-12500 G12, (jusqu\u2019\u00e0 4,4 GHz avec la technologie Intel\u00ae Turbo Boost, m\u00e9moire cache L3 18 Mo, 6 c\u0153urs, 12 threads), M\u00e9moire 8 Go DDR4-3200 MHz (1 x 8 Go), Disque SSD 256 Go, PCI-E NVMe, Carte graphique Intel\u00ae UHD 770, R\u00e9seau sans-fil Wi-Fi 6 Realtek RTL8852BE, Bluetooth 5.2, Garantie 3 ans<\/p>\n","protected":false},"featured_media":0,"template":"","meta":[],"product_cat":[17],"product_tag":[],"_links":{"self":[{"href":"https:\/\/extranet.optimium.nc\/index.php?rest_route=\/wp\/v2\/product\/813"}],"collection":[{"href":"https:\/\/extranet.optimium.nc\/index.php?rest_route=\/wp\/v2\/product"}],"about":[{"href":"https:\/\/extranet.optimium.nc\/index.php?rest_route=\/wp\/v2\/types\/product"}],"wp:attachment":[{"href":"https:\/\/extranet.optimium.nc\/index.php?rest_route=%2Fwp%2Fv2%2Fmedia&parent=813"}],"wp:term":[{"taxonomy":"product_cat","embeddable":true,"href":"https:\/\/extranet.optimium.nc\/index.php?rest_route=%2Fwp%2Fv2%2Fproduct_cat&post=813"},{"taxonomy":"product_tag","embeddable":true,"href":"https:\/\/extranet.optimium.nc\/index.php?rest_route=%2Fwp%2Fv2%2Fproduct_tag&post=813"}],"curies":[{"name":"wp","href":"https:\/\/api.w.org\/{rel}","templated":true}]}}