{"id":797,"date":"2025-02-04T18:56:28","date_gmt":"2025-02-04T18:56:28","guid":{"rendered":""},"modified":"2025-02-05T05:56:28","modified_gmt":"2025-02-04T18:56:28","slug":"hp-moniteur-elitedisplay-e24mv-g4-23-8-conferencing","status":"publish","type":"product","link":"https:\/\/extranet.optimium.nc\/?product=hp-moniteur-elitedisplay-e24mv-g4-23-8-conferencing","title":{"rendered":"HP MONITEUR ELITEDISPLAY E24MV G4 23,8&Prime; CONFERENCING (169L0AA)"},"content":{"rendered":"","protected":false},"excerpt":{"rendered":"<p>HP Moniteur LCD HP 24&Prime; Class Webcam Full HD &#8211; 16:9 &#8211; Noir, Argent\u00e9 &#8211; 60,5 cm (23,8&Prime;) Viewable &#8211; Technologie IPS &#8211; WLED R\u00e9tro\u00e9clairage &#8211; R\u00e9solution 1920 x 1080 &#8211; 250 cd\/m\u00b2 &#8211; 5 ms &#8211; 60 Hz Refresh Rate &#8211; HDMI &#8211; VGA &#8211; DisplayPort &#8211; Hub USB &#8211; Garantie 3 Ans constructeur<\/p>\n","protected":false},"featured_media":0,"template":"","meta":[],"product_cat":[20],"product_tag":[],"_links":{"self":[{"href":"https:\/\/extranet.optimium.nc\/index.php?rest_route=\/wp\/v2\/product\/797"}],"collection":[{"href":"https:\/\/extranet.optimium.nc\/index.php?rest_route=\/wp\/v2\/product"}],"about":[{"href":"https:\/\/extranet.optimium.nc\/index.php?rest_route=\/wp\/v2\/types\/product"}],"wp:attachment":[{"href":"https:\/\/extranet.optimium.nc\/index.php?rest_route=%2Fwp%2Fv2%2Fmedia&parent=797"}],"wp:term":[{"taxonomy":"product_cat","embeddable":true,"href":"https:\/\/extranet.optimium.nc\/index.php?rest_route=%2Fwp%2Fv2%2Fproduct_cat&post=797"},{"taxonomy":"product_tag","embeddable":true,"href":"https:\/\/extranet.optimium.nc\/index.php?rest_route=%2Fwp%2Fv2%2Fproduct_tag&post=797"}],"curies":[{"name":"wp","href":"https:\/\/api.w.org\/{rel}","templated":true}]}}